{"id":153,"date":"2025-10-10T06:42:57","date_gmt":"2025-10-10T06:42:57","guid":{"rendered":"https:\/\/acceleratorkhp.ca\/fr\/?page_id=153"},"modified":"2025-10-14T13:25:20","modified_gmt":"2025-10-14T13:25:20","slug":"recherche-appliquee","status":"publish","type":"page","link":"https:\/\/acceleratorkhp.ca\/fr\/recherche-appliquee\/","title":{"rendered":"Recherche appliqu\u00e9e"},"content":{"rendered":"\n<div class=\"wp-block-cover alignfull is-light header-spacing-inner has-black-color has-text-color has-link-color wp-elements-756bf492dc49df4a91b1820129bc6a02\" style=\"margin-top:0px;margin-bottom:0px;padding-right:0px;padding-left:0%\"><span aria-hidden=\"true\" class=\"wp-block-cover__background has-lavender-background-color has-background-dim-100 has-background-dim\"><\/span><div class=\"wp-block-cover__inner-container has-global-padding is-layout-constrained wp-container-core-cover-is-layout-ac342ae3 wp-block-cover-is-layout-constrained\">\n<p class=\"breadcrumb has-ruby-color has-text-color has-link-color wp-elements-03bc1a59cdb61c26ba1e255ad4a4efb8\"><a aria-label=\"Breadcrumb Home\" href=\"\/\">Home<\/a> <img decoding=\"async\" class=\"breadcrumb-arrow\" style=\"width: auto;height: 7px\" src=\"\/wp-content\/themes\/khp-microsite\/assets\/images\/breadcrumb-separator.png\" alt=\"\"> <span>Applied Research<\/span><\/p>\n\n\n\n<div class=\"wp-block-columns hero-banner is-layout-flex wp-container-core-columns-is-layout-28f84493 wp-block-columns-is-layout-flex\">\n<div class=\"wp-block-column lead is-layout-flow wp-block-column-is-layout-flow\" style=\"flex-basis:72%\">\n<h1 class=\"wp-block-heading has-text-align-left\" id=\"h-faire-progresser-la-recherche-sur-la-sante-mentale-des-jeunes-grace-a-l-accelerateur-jj-e\" style=\"margin-bottom:30px;line-height:1\">Faire progresser la recherche sur la sant\u00e9 mentale<\/h1>\n\n\n\n<p>La recherche sur la sant\u00e9 mentale des jeunes est essentielle pour donner aux jeunes l\u2019espoir dont il\u00b7elle\u00b7s ont besoin pour s\u2019\u00e9panouir dans leur monde. C\u2019est pourquoi, en tant que seul service num\u00e9rique en sant\u00e9 mentale gratuit, confidentiel et multilingue o\u00f9 les jeunes peuvent lib\u00e9rer leurs \u00e9motions, Jeunesse, J\u2019\u00e9coute (JJE) g\u00e8re l\u2019un des ensembles de donn\u00e9es anonymis\u00e9es les plus robustes de son genre au pays, qui peut rapidement convertir de nouvelles informations en connaissances exploitables et en produits du monde r\u00e9el.\u202f<\/p>\n\n\n\n<p>Gr\u00e2ce \u00e0 l\u2019acc\u00e9l\u00e9rateur<sup>JJ\u2019E<\/sup>, nous parvenons \u00e0 une compr\u00e9hension sans pr\u00e9c\u00e9dent de l\u2019\u00e9volution des besoins des jeunes, des informations qui \u00e9clairent et am\u00e9liorent directement les services de JJE tout en refl\u00e9tant la voix r\u00e9elle des jeunes. Ensemble, JJE et ses partenaires strat\u00e9giques peuvent exploiter prudemment les donn\u00e9es pour coproduire des solutions ax\u00e9es sur les jeunes et fond\u00e9es sur des donn\u00e9es probantes, qui \u00e9largissent l\u2019acc\u00e8s \u00e0 diff\u00e9rentes formes d\u2019aide.<\/p>\n\n\n\n<div class=\"wp-block-buttons icon-btn is-content-justification-left is-layout-flex wp-container-core-buttons-is-layout-fc4fd283 wp-block-buttons-is-layout-flex\">\n<div class=\"wp-block-button is-style-fill has-darker-shadow\"><a class=\"wp-block-button__link has-white-color has-ruby-background-color has-text-color has-background has-link-color has-heading-font-family has-text-align-left wp-element-button\" href=\"https:\/\/acceleratorkhp.ca\/fr\/donnees-et-perspectives\/\" style=\"border-radius:32px;padding-top:20px;padding-right:25px;padding-bottom:20px;padding-left:25px\">D\u00e9couvrez les donn\u00e9es et les perspectives de JJE <span aria-hidden=\"true\" class=\"btn-icon ms-3\"><img decoding=\"async\" src=\"\/wp-content\/uploads\/2024\/09\/arrow-black.png\" alt=\"\"><\/span><\/a><\/div>\n<\/div>\n<\/div>\n\n\n\n<div class=\"wp-block-column d-none d-xl-block d-md-block is-layout-flow wp-block-column-is-layout-flow\" style=\"padding-bottom:40px;flex-basis:28%\">\n<div style=\"height:20px\" aria-hidden=\"true\" class=\"wp-block-spacer d-md-none\"><\/div>\n\n\n\n<figure class=\"wp-block-image size-full text-center text-lg-end\"><img decoding=\"async\" src=\"https:\/\/acceleratorkhp.ca\/wp-content\/uploads\/2024\/09\/project-banner.svg\" alt=\"\" class=\"wp-image-246\"\/><\/figure>\n<\/div>\n<\/div>\n\n\n\n<div style=\"margin-bottom:var(--wp--preset--spacing--30);height:0px\" aria-hidden=\"true\" class=\"wp-block-spacer\"><\/div>\n<\/div><\/div>\n\n\n\n<div class=\"wp-block-group alignfull has-white-background-color has-background has-global-padding is-layout-constrained wp-container-core-group-is-layout-6c304310 wp-block-group-is-layout-constrained\" style=\"margin-top:0px;margin-bottom:0px\">\n<div class=\"wp-block-columns is-layout-flex wp-container-core-columns-is-layout-1ea43a52 wp-block-columns-is-layout-flex\" style=\"margin-top:0px;margin-bottom:0px;padding-top:60px;padding-bottom:60px\">\n<div class=\"wp-block-column has-global-padding is-content-justification-left is-layout-constrained wp-container-core-column-is-layout-12dd3699 wp-block-column-is-layout-constrained\">\n<h2 class=\"wp-block-heading has-text-align-left\" id=\"mental-health-data-hub\">Collaborer \u00e0 la recherche sur la sant\u00e9 mentale des jeunes gr\u00e2ce \u00e0 l\u2019acc\u00e9l\u00e9rateur<sup>JJ\u2019E<\/sup>\u202f<\/h2>\n\n\n\n<div class=\"wp-block-group has-global-padding is-layout-constrained wp-block-group-is-layout-constrained\">\n<figure class=\"wp-block-image aligncenter size-full\"><img decoding=\"async\" src=\"https:\/\/en-khp-microsite.4dconnect.com\/wp-content\/uploads\/2024\/09\/mental-health-data-slide-1.png\" alt=\"\" class=\"wp-image-270\"\/><\/figure>\n\n\n\n<p>Depuis janvier 2020, JJE a soutenu des jeunes de partout au Canada plus de 22 millions de fois<\/p>\n\n\n\n<h3 class=\"wp-block-heading\">Gr\u00e2ce \u00e0 nos donn\u00e9es d\u00e9personnalis\u00e9es et notre cadre de recherche appliqu\u00e9e, nous pouvons d\u00e9sormais :<\/h3>\n\n\n\n<p>effectuer des recherches et des analyses r\u00e9trospectives;\u202f&nbsp;<\/p>\n\n\n\n<p>\u00e9tudier des millions de conversations anonymis\u00e9es pour d\u00e9couvrir les tendances, les signaux et les lacunes dans le soutien \u00e0 la sant\u00e9 mentale des jeunes au fil du temps, afin que JJE puisse continuellement adapter et am\u00e9liorer les services pour les jeunes;\u202f&nbsp;<\/p>\n\n\n\n<h2 class=\"wp-block-heading\" id=\"h-affiner-l-intelligence-artificielle-ia-et-la-formation-des-modeles-nbsp\">affiner l\u2019intelligence artificielle (IA) et la formation des mod\u00e8les;\u202f&nbsp;<\/h2>\n\n\n\n<p>affiner les mod\u00e8les d\u2019apprentissage automatique, y compris les grands mod\u00e8les de langage (GML), pour les applications de sant\u00e9 mentale du monde r\u00e9el fond\u00e9es sur l\u2019exp\u00e9rience v\u00e9cue, toujours dans le but de renforcer la capacit\u00e9 de JJE \u00e0 servir les jeunes avec des produits et des services innovants et accessibles, de mani\u00e8re s\u00fbre et efficace;\u202f&nbsp;<\/p>\n\n\n\n<h2 class=\"wp-block-heading\">\u00e9valuer les politiques, les syst\u00e8mes et les soutiens;<\/h2>\n\n\n\n<p>mesurer l\u2019efficacit\u00e9 des services, des interventions et des soutiens b\u00e9n\u00e9voles afin d\u2019\u00e9clairer les strat\u00e9gies publiques et les changements syst\u00e9miques, tout en renfor\u00e7ant les politiques, les normes de gouvernance et la prestation de services de JJE pour les jeunes \u00e0 travers le Canada.<\/p>\n<\/div>\n<\/div>\n<\/div>\n<\/div>\n\n\n\n<div class=\"wp-block-group alignfull cta-section has-black-color has-text-color has-link-color wp-elements-371110fbb335e9d70c7fe809532fa1aa has-global-padding is-layout-constrained wp-block-group-is-layout-constrained\" style=\"margin-top:0px;margin-bottom:0px;padding-top:10px;padding-bottom:0px\">\n<h2 class=\"wp-block-heading has-text-align-left\" id=\"h-explorer-la-recherche-de-jje-sur-la-sante-mentale-des-jeunes-en-action\">Explorer la recherche de JJE sur la sant\u00e9 mentale des jeunes en action<\/h2>\n\n\n\n<p class=\"has-text-align-left\">JJE fa\u00e7onne d\u00e9j\u00e0 l\u2019avenir de plusieurs g\u00e9n\u00e9rations gr\u00e2ce \u00e0 la recherche sur la sant\u00e9 mentale des jeunes, \u00e0 la technologie et aux partenariats strat\u00e9giques. Pour consulter des \u00e9tudes, des rapports et d\u2019autres documents r\u00e9cents, explorez les publications ci-dessous.<\/p>\n\n\n\n<div class=\"wp-block-columns is-layout-flex wp-container-core-columns-is-layout-0755c578 wp-block-columns-is-layout-flex\" style=\"margin-top:0px;margin-bottom:0px;padding-top:20px;padding-bottom:20px\">\n<div class=\"wp-block-column has-global-padding is-content-justification-center is-layout-constrained wp-container-core-column-is-layout-fa574a69 wp-block-column-is-layout-constrained\">\n<p>Obadinma S, Lachana A, Norman ML, et coll. \u00ab The FAIIR conversational AI agent assistant for youth mental health service provision \u00bb. <em>NPJ Digit Med. <\/em>2025; 8 : 243. <a href=\"https:\/\/doi.org\/10.1038\/s41746-025-01647-6%22%20\/t%20%22_new\" target=\"_blank\" rel=\"noreferrer noopener\">https:\/\/doi.org\/10.1038\/s41746-025-01647-6<\/a>.\u202f<\/p>\n<\/div>\n\n\n\n<div class=\"wp-block-column has-global-padding is-content-justification-center is-layout-constrained wp-container-core-column-is-layout-fa574a69 wp-block-column-is-layout-constrained\">\n<p>Simon A, Deschamps A, Walsh K et Brannigan T. \u00ab Adding capacity and compassion to Canada\u2019s mental health crisis: The impact of Kids Help Phone\u2019s Crisis Responder volunteers \u00bb. <em>PLOS Ment Health.<\/em> 2025; 2 : e0000321. <a href=\"https:\/\/doi.org\/10.1371\/journal.pmen.0000321%22%20\/t%20%22_new\" target=\"_blank\" rel=\"noreferrer noopener\">https:\/\/doi.org\/10.1371\/journal.pmen.0000321<\/a>.\u202f\u202f&nbsp;<\/p>\n<\/div>\n\n\n\n<div class=\"wp-block-column has-global-padding is-content-justification-center is-layout-constrained wp-container-core-column-is-layout-0d31553b wp-block-column-is-layout-constrained\" style=\"padding-top:0;padding-bottom:0\">\n<p>Mughal S, McIlwaine SV, Swaroop S, Simon A et Shah JL. \u00ab Five years of youth engagement with Kids Help Phone Canada (Part 1): Phone, chat, text, and peer-to-peer service usage nationally, provincially, and over time \u00bb. <em>Telemed J E Health.<\/em> 2024; 30(3) : 788-794. <a href=\"https:\/\/doi.org\/10.1089\/tmj.2023.0071\" target=\"_blank\" rel=\"noreferrer noopener\">https:\/\/doi.org\/10.1089\/tmj.2023.0071<\/a>.\u202f<\/p>\n<\/div>\n<\/div>\n\n\n\n<div class=\"wp-block-columns is-layout-flex wp-container-core-columns-is-layout-1ffbdd52 wp-block-columns-is-layout-flex\" style=\"margin-top:0px;margin-bottom:0px;padding-bottom:20px\">\n<div class=\"wp-block-column has-global-padding is-content-justification-center is-layout-constrained wp-container-core-column-is-layout-fa574a69 wp-block-column-is-layout-constrained\">\n<p>Mughal S, McIlwaine SV, Swaroop S, Simon A et Shah JL. \u00ab Five years of youth engagement with Kids Help Phone Canada (Part 2): Issues discussed over phone, chat, text, and peer-to-peer services by age range \u00bb. <em>Telemed J E Health.<\/em> 2024; 30(3) : 795-804. <a href=\"https:\/\/doi.org\/10.1089\/tmj.2023.0072\" target=\"_blank\" rel=\"noreferrer noopener\">https:\/\/doi.org\/10.1089\/tmj.2023.0072<\/a>.\u202f&nbsp;<\/p>\n<\/div>\n\n\n\n<div class=\"wp-block-column has-global-padding is-content-justification-center is-layout-constrained wp-container-core-column-is-layout-fa574a69 wp-block-column-is-layout-constrained\">\n<p>Commission de la sant\u00e9 mentale du Canada. <em>Strat\u00e9gie de cybersant\u00e9 mentale pour le Canada<\/em>. 2024. <a href=\"https:\/\/commissionsantementale.ca\/wp-content\/uploads\/2024\/09\/1459-CSMC-Strategie-de-cybersante-mentale-pour-le-Canada-NUMERIQUE-1.pdf\" target=\"_blank\" rel=\"noreferrer noopener\">https:\/\/commissionsantementale.ca\/wp-content\/uploads\/2024\/09\/1459-CSMC-Strategie-de-cybersante-mentale-pour-le-Canada-NUMERIQUE-1.pdf<\/a>. Consult\u00e9 le 11 septembre 2025.\u202f<\/p>\n<\/div>\n<\/div>\n\n\n\n<div class=\"wp-block-group alignfull cta-section has-black-color has-white-background-color has-text-color has-background has-link-color wp-elements-28b3687ed188604219ca55a2f4ab0899 has-global-padding is-layout-constrained wp-container-core-group-is-layout-ac414ca4 wp-block-group-is-layout-constrained\" style=\"margin-top:0px;margin-bottom:0px\">\n<div class=\"wp-block-columns is-layout-flex wp-container-core-columns-is-layout-1ea43a52 wp-block-columns-is-layout-flex\" style=\"margin-top:0px;margin-bottom:0px;padding-top:60px;padding-bottom:60px\">\n<div class=\"wp-block-column has-global-padding is-content-justification-center is-layout-constrained wp-container-core-column-is-layout-fa574a69 wp-block-column-is-layout-constrained\">\n<h2 class=\"wp-block-heading has-text-align-left text-md-center\" id=\"h-etre-ecoute-e-ca-change-tout-communiquez-avec-l-accelerateur-jj-e\">\u00catre \u00e9cout\u00e9\u00b7e, \u00e7a change tout : communiquez avec l\u2019acc\u00e9l\u00e9rateur<sup>JJ\u2019E<\/sup>!<\/h2>\n\n\n\n<p class=\"has-text-align-left text-md-center\">Vous \u00eates un\u00b7e chercheur\u00b7euse, un\u00b7e scientifique des donn\u00e9es ou un\u00b7e clinicien\u00b7ne qui se passionne pour la recherche sur la sant\u00e9 mentale des jeunes? Collaborez \u00e0 la recherche appliqu\u00e9e avec l\u2019un des organismes \u00e0 but non lucratif inspirant le plus confiance au Canada, et contribuez directement \u00e0 informer et \u00e0 am\u00e9liorer les services dont d\u00e9pendent des millions de jeunes en communiquant avec l\u2019acc\u00e9l\u00e9rateur<sup>JJ\u2019E<\/sup> d\u00e8s aujourd\u2019hui!<\/p>\n\n\n\n<p><\/p>\n\n\n\n<div class=\"wp-block-buttons icon-btn is-content-justification-center is-layout-flex wp-container-core-buttons-is-layout-a89b3969 wp-block-buttons-is-layout-flex\">\n<div class=\"wp-block-button is-style-fill has-darker-shadow\"><a class=\"wp-block-button__link has-white-color has-ruby-background-color has-text-color has-background has-link-color has-heading-font-family wp-element-button\" href=\"mailto:ap*************@***********ne.ca\" data-original-string=\"atiI8OXM43ytXSXZMT7Z1w==6b7oQbfmPTPH8pIaUvdO7TDiKkV+CsxFFen\/R4oKNqnumERSsLrMC6lHSZAUxixx1fi\" title=\"This contact has been encoded by Anti-Spam by CleanTalk. Click to decode. To finish the decoding make sure that JavaScript is enabled in your browser.\" style=\"border-radius:32px;padding-top:20px;padding-right:25px;padding-bottom:20px;padding-left:25px\">CONTACT ACCELERATOR<sup>KHP<\/sup> <span aria-hidden=\"true\" class=\"btn-icon ms-3\"><img decoding=\"async\" src=\"\/wp-content\/uploads\/2024\/09\/arrow-black.png\" alt=\"\"><\/span><\/a><\/div>\n<\/div>\n<\/div>\n<\/div>\n<\/div>\n<\/div>\n","protected":false},"excerpt":{"rendered":"<p>Collaborer \u00e0 la recherche sur la sant\u00e9 mentale des jeunes gr\u00e2ce \u00e0 l\u2019acc\u00e9l\u00e9rateurJJ\u2019E\u202f Depuis janvier 2020, JJE a soutenu des jeunes de partout au Canada plus de 22 millions de fois Gr\u00e2ce \u00e0 nos donn\u00e9es d\u00e9personnalis\u00e9es et notre cadre de recherche appliqu\u00e9e, nous pouvons d\u00e9sormais : effectuer des recherches et des analyses r\u00e9trospectives;\u202f&nbsp; \u00e9tudier des [&hellip;]<\/p>\n","protected":false},"author":1,"featured_media":0,"parent":0,"menu_order":0,"comment_status":"closed","ping_status":"closed","template":"","meta":{"_acf_changed":false,"footnotes":""},"class_list":["post-153","page","type-page","status-publish","hentry"],"yoast_head":"<!-- This site is optimized with the Yoast SEO Premium plugin v27.2 (Yoast SEO v27.2) - https:\/\/yoast.com\/product\/yoast-seo-premium-wordpress\/ -->\n<title>Recherche appliqu\u00e9e - acc\u00e9l\u00e9rateurJJ\u2019E<\/title>\n<meta name=\"robots\" content=\"index, follow, max-snippet:-1, max-image-preview:large, max-video-preview:-1\" \/>\n<link rel=\"canonical\" href=\"https:\/\/acceleratorkhp.ca\/fr\/recherche-appliquee\/\" \/>\n<meta property=\"og:locale\" content=\"fr_CA\" \/>\n<meta property=\"og:type\" content=\"article\" \/>\n<meta property=\"og:title\" content=\"Recherche appliqu\u00e9e\" \/>\n<meta property=\"og:description\" content=\"Collaborer \u00e0 la recherche sur la sant\u00e9 mentale des jeunes gr\u00e2ce \u00e0 l\u2019acc\u00e9l\u00e9rateurJJ\u2019E\u202f Depuis janvier 2020, JJE a soutenu des jeunes de partout au Canada plus de 22 millions de fois Gr\u00e2ce \u00e0 nos donn\u00e9es d\u00e9personnalis\u00e9es et notre cadre de recherche appliqu\u00e9e, nous pouvons d\u00e9sormais : effectuer des recherches et des analyses r\u00e9trospectives;\u202f&nbsp; \u00e9tudier des [&hellip;]\" \/>\n<meta property=\"og:url\" content=\"https:\/\/acceleratorkhp.ca\/fr\/recherche-appliquee\/\" \/>\n<meta property=\"og:site_name\" content=\"acc\u00e9l\u00e9rateurJJ\u2019E\" \/>\n<meta property=\"article:modified_time\" content=\"2025-10-14T13:25:20+00:00\" \/>\n<meta property=\"og:image\" content=\"https:\/\/acceleratorkhp.ca\/wp-content\/uploads\/2024\/09\/project-banner.svg\" \/>\n<meta name=\"twitter:card\" content=\"summary_large_image\" \/>\n<meta name=\"twitter:label1\" content=\"Estimation du temps de lecture\" \/>\n\t<meta name=\"twitter:data1\" content=\"5 minutes\" \/>\n<script type=\"application\/ld+json\" class=\"yoast-schema-graph\">{\"@context\":\"https:\/\/schema.org\",\"@graph\":[{\"@type\":\"WebPage\",\"@id\":\"https:\/\/acceleratorkhp.ca\/fr\/recherche-appliquee\/\",\"url\":\"https:\/\/acceleratorkhp.ca\/fr\/recherche-appliquee\/\",\"name\":\"Recherche appliqu\u00e9e - acc\u00e9l\u00e9rateurJJ\u2019E\",\"isPartOf\":{\"@id\":\"https:\/\/acceleratorkhp.ca\/fr\/#website\"},\"primaryImageOfPage\":{\"@id\":\"https:\/\/acceleratorkhp.ca\/fr\/recherche-appliquee\/#primaryimage\"},\"image\":{\"@id\":\"https:\/\/acceleratorkhp.ca\/fr\/recherche-appliquee\/#primaryimage\"},\"thumbnailUrl\":\"https:\/\/acceleratorkhp.ca\/wp-content\/uploads\/2024\/09\/project-banner.svg\",\"datePublished\":\"2025-10-10T06:42:57+00:00\",\"dateModified\":\"2025-10-14T13:25:20+00:00\",\"breadcrumb\":{\"@id\":\"https:\/\/acceleratorkhp.ca\/fr\/recherche-appliquee\/#breadcrumb\"},\"inLanguage\":\"fr-CA\",\"potentialAction\":[{\"@type\":\"ReadAction\",\"target\":[\"https:\/\/acceleratorkhp.ca\/fr\/recherche-appliquee\/\"]}]},{\"@type\":\"ImageObject\",\"inLanguage\":\"fr-CA\",\"@id\":\"https:\/\/acceleratorkhp.ca\/fr\/recherche-appliquee\/#primaryimage\",\"url\":\"https:\/\/acceleratorkhp.ca\/wp-content\/uploads\/2024\/09\/project-banner.svg\",\"contentUrl\":\"https:\/\/acceleratorkhp.ca\/wp-content\/uploads\/2024\/09\/project-banner.svg\"},{\"@type\":\"BreadcrumbList\",\"@id\":\"https:\/\/acceleratorkhp.ca\/fr\/recherche-appliquee\/#breadcrumb\",\"itemListElement\":[{\"@type\":\"ListItem\",\"position\":1,\"name\":\"Home\",\"item\":\"https:\/\/acceleratorkhp.ca\/fr\/\"},{\"@type\":\"ListItem\",\"position\":2,\"name\":\"Recherche appliqu\u00e9e\"}]},{\"@type\":\"WebSite\",\"@id\":\"https:\/\/acceleratorkhp.ca\/fr\/#website\",\"url\":\"https:\/\/acceleratorkhp.ca\/fr\/\",\"name\":\"acc\u00e9l\u00e9rateurJJ\u2019E\",\"description\":\"\",\"publisher\":{\"@id\":\"https:\/\/acceleratorkhp.ca\/fr\/#organization\"},\"potentialAction\":[{\"@type\":\"SearchAction\",\"target\":{\"@type\":\"EntryPoint\",\"urlTemplate\":\"https:\/\/acceleratorkhp.ca\/fr\/?s={search_term_string}\"},\"query-input\":{\"@type\":\"PropertyValueSpecification\",\"valueRequired\":true,\"valueName\":\"search_term_string\"}}],\"inLanguage\":\"fr-CA\"},{\"@type\":\"Organization\",\"@id\":\"https:\/\/acceleratorkhp.ca\/fr\/#organization\",\"name\":\"acc\u00e9l\u00e9rateurJJ\u2019E\",\"url\":\"https:\/\/acceleratorkhp.ca\/fr\/\",\"logo\":{\"@type\":\"ImageObject\",\"inLanguage\":\"fr-CA\",\"@id\":\"https:\/\/acceleratorkhp.ca\/fr\/#\/schema\/logo\/image\/\",\"url\":\"https:\/\/acceleratorkhp.ca\/fr\/wp-content\/uploads\/sites\/2\/2024\/10\/accelerator-primary-fr-ruby-RGB-2.svg\",\"contentUrl\":\"https:\/\/acceleratorkhp.ca\/fr\/wp-content\/uploads\/sites\/2\/2024\/10\/accelerator-primary-fr-ruby-RGB-2.svg\",\"caption\":\"acc\u00e9l\u00e9rateurJJ\u2019E\"},\"image\":{\"@id\":\"https:\/\/acceleratorkhp.ca\/fr\/#\/schema\/logo\/image\/\"}}]}<\/script>\n<!-- \/ Yoast SEO Premium plugin. -->","yoast_head_json":{"title":"Recherche appliqu\u00e9e - acc\u00e9l\u00e9rateurJJ\u2019E","robots":{"index":"index","follow":"follow","max-snippet":"max-snippet:-1","max-image-preview":"max-image-preview:large","max-video-preview":"max-video-preview:-1"},"canonical":"https:\/\/acceleratorkhp.ca\/fr\/recherche-appliquee\/","og_locale":"fr_CA","og_type":"article","og_title":"Recherche appliqu\u00e9e","og_description":"Collaborer \u00e0 la recherche sur la sant\u00e9 mentale des jeunes gr\u00e2ce \u00e0 l\u2019acc\u00e9l\u00e9rateurJJ\u2019E\u202f Depuis janvier 2020, JJE a soutenu des jeunes de partout au Canada plus de 22 millions de fois Gr\u00e2ce \u00e0 nos donn\u00e9es d\u00e9personnalis\u00e9es et notre cadre de recherche appliqu\u00e9e, nous pouvons d\u00e9sormais : effectuer des recherches et des analyses r\u00e9trospectives;\u202f&nbsp; \u00e9tudier des [&hellip;]","og_url":"https:\/\/acceleratorkhp.ca\/fr\/recherche-appliquee\/","og_site_name":"acc\u00e9l\u00e9rateurJJ\u2019E","article_modified_time":"2025-10-14T13:25:20+00:00","og_image":[{"url":"https:\/\/acceleratorkhp.ca\/wp-content\/uploads\/2024\/09\/project-banner.svg","type":"","width":"","height":""}],"twitter_card":"summary_large_image","twitter_misc":{"Estimation du temps de lecture":"5 minutes"},"schema":{"@context":"https:\/\/schema.org","@graph":[{"@type":"WebPage","@id":"https:\/\/acceleratorkhp.ca\/fr\/recherche-appliquee\/","url":"https:\/\/acceleratorkhp.ca\/fr\/recherche-appliquee\/","name":"Recherche appliqu\u00e9e - acc\u00e9l\u00e9rateurJJ\u2019E","isPartOf":{"@id":"https:\/\/acceleratorkhp.ca\/fr\/#website"},"primaryImageOfPage":{"@id":"https:\/\/acceleratorkhp.ca\/fr\/recherche-appliquee\/#primaryimage"},"image":{"@id":"https:\/\/acceleratorkhp.ca\/fr\/recherche-appliquee\/#primaryimage"},"thumbnailUrl":"https:\/\/acceleratorkhp.ca\/wp-content\/uploads\/2024\/09\/project-banner.svg","datePublished":"2025-10-10T06:42:57+00:00","dateModified":"2025-10-14T13:25:20+00:00","breadcrumb":{"@id":"https:\/\/acceleratorkhp.ca\/fr\/recherche-appliquee\/#breadcrumb"},"inLanguage":"fr-CA","potentialAction":[{"@type":"ReadAction","target":["https:\/\/acceleratorkhp.ca\/fr\/recherche-appliquee\/"]}]},{"@type":"ImageObject","inLanguage":"fr-CA","@id":"https:\/\/acceleratorkhp.ca\/fr\/recherche-appliquee\/#primaryimage","url":"https:\/\/acceleratorkhp.ca\/wp-content\/uploads\/2024\/09\/project-banner.svg","contentUrl":"https:\/\/acceleratorkhp.ca\/wp-content\/uploads\/2024\/09\/project-banner.svg"},{"@type":"BreadcrumbList","@id":"https:\/\/acceleratorkhp.ca\/fr\/recherche-appliquee\/#breadcrumb","itemListElement":[{"@type":"ListItem","position":1,"name":"Home","item":"https:\/\/acceleratorkhp.ca\/fr\/"},{"@type":"ListItem","position":2,"name":"Recherche appliqu\u00e9e"}]},{"@type":"WebSite","@id":"https:\/\/acceleratorkhp.ca\/fr\/#website","url":"https:\/\/acceleratorkhp.ca\/fr\/","name":"acc\u00e9l\u00e9rateurJJ\u2019E","description":"","publisher":{"@id":"https:\/\/acceleratorkhp.ca\/fr\/#organization"},"potentialAction":[{"@type":"SearchAction","target":{"@type":"EntryPoint","urlTemplate":"https:\/\/acceleratorkhp.ca\/fr\/?s={search_term_string}"},"query-input":{"@type":"PropertyValueSpecification","valueRequired":true,"valueName":"search_term_string"}}],"inLanguage":"fr-CA"},{"@type":"Organization","@id":"https:\/\/acceleratorkhp.ca\/fr\/#organization","name":"acc\u00e9l\u00e9rateurJJ\u2019E","url":"https:\/\/acceleratorkhp.ca\/fr\/","logo":{"@type":"ImageObject","inLanguage":"fr-CA","@id":"https:\/\/acceleratorkhp.ca\/fr\/#\/schema\/logo\/image\/","url":"https:\/\/acceleratorkhp.ca\/fr\/wp-content\/uploads\/sites\/2\/2024\/10\/accelerator-primary-fr-ruby-RGB-2.svg","contentUrl":"https:\/\/acceleratorkhp.ca\/fr\/wp-content\/uploads\/sites\/2\/2024\/10\/accelerator-primary-fr-ruby-RGB-2.svg","caption":"acc\u00e9l\u00e9rateurJJ\u2019E"},"image":{"@id":"https:\/\/acceleratorkhp.ca\/fr\/#\/schema\/logo\/image\/"}}]}},"acf":[],"_links":{"self":[{"href":"https:\/\/acceleratorkhp.ca\/fr\/wp-json\/wp\/v2\/pages\/153","targetHints":{"allow":["GET"]}}],"collection":[{"href":"https:\/\/acceleratorkhp.ca\/fr\/wp-json\/wp\/v2\/pages"}],"about":[{"href":"https:\/\/acceleratorkhp.ca\/fr\/wp-json\/wp\/v2\/types\/page"}],"author":[{"embeddable":true,"href":"https:\/\/acceleratorkhp.ca\/fr\/wp-json\/wp\/v2\/users\/1"}],"replies":[{"embeddable":true,"href":"https:\/\/acceleratorkhp.ca\/fr\/wp-json\/wp\/v2\/comments?post=153"}],"version-history":[{"count":0,"href":"https:\/\/acceleratorkhp.ca\/fr\/wp-json\/wp\/v2\/pages\/153\/revisions"}],"wp:attachment":[{"href":"https:\/\/acceleratorkhp.ca\/fr\/wp-json\/wp\/v2\/media?parent=153"}],"curies":[{"name":"wp","href":"https:\/\/api.w.org\/{rel}","templated":true}]}}