{"id":36,"date":"2024-10-25T07:35:30","date_gmt":"2024-10-25T07:35:30","guid":{"rendered":"https:\/\/en-khp-microsite.4dconnect.com\/fr\/?page_id=36"},"modified":"2025-10-13T14:16:40","modified_gmt":"2025-10-13T14:16:40","slug":"leaders-old","status":"publish","type":"page","link":"https:\/\/acceleratorkhp.ca\/fr\/leaders-old\/","title":{"rendered":"Leaders OLD"},"content":{"rendered":"\n<div class=\"wp-block-cover alignfull is-light header-spacing-inner has-black-color has-text-color has-link-color wp-elements-f388fd4859943d7c4a9e6fa66d31bccf\" style=\"margin-top:0px;margin-bottom:0px;padding-right:0px;padding-left:0%\"><span aria-hidden=\"true\" class=\"wp-block-cover__background has-lavender-background-color has-background-dim-100 has-background-dim\"><\/span><div class=\"wp-block-cover__inner-container has-global-padding is-layout-constrained wp-container-core-cover-is-layout-ac342ae3 wp-block-cover-is-layout-constrained\">\n<p class=\"breadcrumb has-ruby-color has-text-color has-link-color wp-elements-6e7f3e9627d1596dbab8ee176e1bebed\"><a href=\"\/fr\">Accueil<\/a> <img decoding=\"async\" class=\"breadcrumb-arrow\" style=\"width: auto;height: 7px\" src=\"\/wp-content\/themes\/khp-microsite\/assets\/images\/breadcrumb-separator.png\" alt=\"\"> <a aria-current=\"page\" style=\"text-decoration:none\" href=\"void(0)\">Leaders<\/a><\/p>\n\n\n\n<div class=\"wp-block-columns hero-banner is-layout-flex wp-container-core-columns-is-layout-28f84493 wp-block-columns-is-layout-flex\">\n<div class=\"wp-block-column is-layout-flow wp-block-column-is-layout-flow\" style=\"flex-basis:72%\">\n<h1 class=\"wp-block-heading has-text-align-left\" id=\"h-des-leaders-agiles-qui-changent-la-donne\" style=\"margin-bottom:30px;line-height:1\">Des leaders agiles qui changent la donne<\/h1>\n\n\n\n<p>Saviez-vous qu\u2019un\u00b7e texteur\u00b7euse sur deux dit que s\u2019il\u00b7elle n\u2019avait pas communiqu\u00e9 avec Jeunesse, J\u2019\u00e9coute, il\u00b7elle aurait ignor\u00e9 son probl\u00e8me ou aurait esp\u00e9r\u00e9 qu\u2019il disparaisse? Aucun autre organisme ou leader d\u2019opinion n\u2019est mieux plac\u00e9 pour \u00e9laborer la prochaine gamme de solutions permettant de r\u00e9pondre \u00e0 la crise en mati\u00e8re de sant\u00e9 mentale au Canada. Merci de contribuer \u00e0 donner aux jeunes un espace o\u00f9 lib\u00e9rer leurs \u00e9motions (et de laisser votre trace!) pour des ann\u00e9es \u00e0 venir, gr\u00e2ce \u00e0 l\u2019acc\u00e9l\u00e9rateur d\u2019innovation et de recherche appliqu\u00e9e pour la sant\u00e9 mentale des jeunes de Jeunesse, J\u2019\u00e9coute (acc\u00e9l\u00e9rateur<sup>JJ\u2019E<\/sup>).<\/p>\n\n\n\n<div style=\"height:100px\" aria-hidden=\"true\" class=\"wp-block-spacer d-none d-md-block\"><\/div>\n<\/div>\n\n\n\n<div class=\"wp-block-column is-layout-flow wp-block-column-is-layout-flow\" style=\"padding-bottom:40px;flex-basis:28%\">\n<div style=\"height:50px\" aria-hidden=\"true\" class=\"wp-block-spacer d-md-none\"><\/div>\n\n\n\n<figure class=\"wp-block-image size-full text-center text-lg-end\"><img decoding=\"async\" src=\"https:\/\/en-khp-microsite.4dconnect.com\/wp-content\/uploads\/2024\/09\/leaders.svg\" alt=\"\" class=\"wp-image-232\" \/><\/figure>\n<\/div>\n<\/div>\n<\/div><\/div>\n\n\n\n<div class=\"wp-block-group innovators has-black-color has-white-background-color has-text-color has-background has-link-color wp-elements-85106f8e5a61ba6dacf75e42b425b976 has-global-padding is-layout-constrained wp-block-group-is-layout-constrained\" style=\"margin-top:0px;margin-bottom:0px;padding-top:60px;padding-bottom:60px\">\n<h2 class=\"wp-block-heading\" id=\"h-innovateur-rice-s-pour-libere-tes-emotions\">Innovateur\u00b7rice\u00b7s pour Lib\u00e8re tes \u00e9motions<\/h2>\n\n\n\n<div class=\"wp-block-columns is-layout-flex wp-container-core-columns-is-layout-999acbd2 wp-block-columns-is-layout-flex\" style=\"margin-top:30px\">\n<div class=\"wp-block-column is-layout-flow wp-container-core-column-is-layout-22223934 wp-block-column-is-layout-flow\">\n<div class=\"wp-block-group leader-info has-global-padding is-layout-constrained wp-block-group-is-layout-constrained\">\n<p class=\"name\">Salim Teja<\/p>\n\n\n\n<p>Copr\u00e9sident des innovateur\u00b7rice\u00b7s pour Lib\u00e8re tes \u00e9motions<\/p>\n\n\n\n<p>Partenaire, Radical Ventures<\/p>\n<\/div>\n\n\n\n<div class=\"wp-block-group leader-info has-global-padding is-layout-constrained wp-block-group-is-layout-constrained\">\n<p class=\"name\">Nicole German<\/p>\n\n\n\n<p>Copr\u00e9sidente des innovateur\u00b7rice\u00b7s pour Lib\u00e8re tes \u00e9motions<\/p>\n\n\n\n<p>Directrice de la commercialisation mondiale, Services bancaires commerciaux et march\u00e9s bancaires et mondiaux, HSBC<\/p>\n<\/div>\n\n\n\n<div class=\"wp-block-group leader-info has-global-padding is-layout-constrained wp-block-group-is-layout-constrained\">\n<p class=\"name\">Krista Jones<\/p>\n\n\n\n<p>Responsable de projet<\/p>\n<\/div>\n\n\n\n<div class=\"wp-block-group leader-info has-global-padding is-layout-constrained wp-block-group-is-layout-constrained\">\n<p class=\"name\">Lisa Zarzeczny<\/p>\n\n\n\n<p>Responsable de projet<\/p>\n\n\n\n<p>Directrice g\u00e9n\u00e9rale, Elevate<\/p>\n<\/div>\n<\/div>\n\n\n\n<div class=\"wp-block-column is-layout-flow wp-container-core-column-is-layout-22223934 wp-block-column-is-layout-flow\">\n<div class=\"wp-block-group leader-info has-global-padding is-layout-constrained wp-block-group-is-layout-constrained\">\n<p class=\"name\">Iain Klugman<\/p>\n\n\n\n<p>Membre<\/p>\n\n\n\n<p>Directeur g\u00e9n\u00e9ral, NorthGuide<\/p>\n<\/div>\n\n\n\n<div class=\"wp-block-group leader-info has-global-padding is-layout-constrained wp-block-group-is-layout-constrained\">\n<p class=\"name\">Florencia Herra Vega<\/p>\n\n\n\n<p>Membre<\/p>\n\n\n\n<p>Directrice principale de la technologie, AlleyCorp<\/p>\n<\/div>\n\n\n\n<div class=\"wp-block-group leader-info has-global-padding is-layout-constrained wp-block-group-is-layout-constrained\">\n<p class=\"name\">Amber Mac<\/p>\n\n\n\n<p>Membre<\/p>\n\n\n\n<p>Fondatrice, AmberMac Media<\/p>\n<\/div>\n\n\n\n<div class=\"wp-block-group leader-info has-global-padding is-layout-constrained wp-block-group-is-layout-constrained\">\n<p class=\"name\">Siri Agrell<\/p>\n\n\n\n<p>Directrice g\u00e9n\u00e9rale, BetaKit<\/p>\n<\/div>\n<\/div>\n\n\n\n<div class=\"wp-block-column is-layout-flow wp-container-core-column-is-layout-22223934 wp-block-column-is-layout-flow\">\n<div class=\"wp-block-group leader-info has-global-padding is-layout-constrained wp-block-group-is-layout-constrained\">\n<p class=\"name\">Janice Diner<\/p>\n\n\n\n<p>Membre<\/p>\n\n\n\n<p>Ancienne fondatrice et directrice g\u00e9n\u00e9rale, Horizn Inc<\/p>\n<\/div>\n\n\n\n<div class=\"wp-block-group leader-info has-global-padding is-layout-constrained wp-block-group-is-layout-constrained\">\n<p class=\"name\">Debbie Gamble<\/p>\n\n\n\n<p>Membre<\/p>\n\n\n\n<p>Cheffe de groupe, directrice de la strat\u00e9gie et du marketing, Interac<\/p>\n<\/div>\n\n\n\n<div class=\"wp-block-group leader-info has-global-padding is-layout-constrained wp-block-group-is-layout-constrained\">\n<p class=\"name\">Kathryn Wortsman<\/p>\n\n\n\n<p>Membre<\/p>\n\n\n\n<p>Associ\u00e9e directrice, Amplify Capital<\/p>\n<\/div>\n<\/div>\n\n\n\n<div class=\"wp-block-column is-layout-flow wp-container-core-column-is-layout-22223934 wp-block-column-is-layout-flow\">\n<div class=\"wp-block-group leader-info has-global-padding is-layout-constrained wp-block-group-is-layout-constrained\">\n<p class=\"name\">Naomi Lau<\/p>\n\n\n\n<p>Repr\u00e9sentante jeunesse<\/p>\n\n\n\n<p>Sp\u00e9cialiste en mobilisation communautaire, Two Small Fish Ventures<\/p>\n<\/div>\n<\/div>\n<\/div>\n<\/div>\n\n\n\n<div class=\"wp-block-group innovators-partner has-white-color has-ruby-background-color has-text-color has-background has-link-color wp-elements-873c90e737054f30a02a6f7417edb99f has-global-padding is-layout-constrained wp-block-group-is-layout-constrained\" style=\"margin-top:0px;margin-bottom:0px;padding-top:60px;padding-bottom:60px\">\n<h2 class=\"wp-block-heading\" id=\"h-partenaires-catalyseurs\"><strong>Partenaires catalyseurs<\/strong><\/h2>\n\n\n\n<p><br>Nous sommes tr\u00e8s reconnaissant\u00b7e\u00b7s aux partenaires catalyseurs ci-dessous d\u2019avoir \u00e9t\u00e9 des investisseurs pionniers et visionnaires dans l\u2019acc\u00e9l\u00e9rateur<sup>JJ\u2019E<\/sup>.<\/p>\n\n\n\n<div class=\"wp-block-columns is-layout-flex wp-container-core-columns-is-layout-28f84493 wp-block-columns-is-layout-flex\">\n<div class=\"wp-block-column is-layout-flow wp-block-column-is-layout-flow\">\n<p>Inforoute Sant\u00e9 du Canada, partenaire catalyseur fondateur<\/p>\n\n\n\n<p>Programme de r\u00e9compense AIR&nbsp;MILES<sup>MD<\/sup><\/p>\n\n\n\n<p>Bell<\/p>\n\n\n\n<p>BMO<\/p>\n\n\n\n<p>Broadfoot Family Foundation<\/p>\n\n\n\n<p>Fondation Famille Godin<\/p>\n\n\n\n<p>Hunter Family Foundation<\/p>\n\n\n\n<p>Fondation Intact<\/p>\n<\/div>\n\n\n\n<div class=\"wp-block-column is-layout-flow wp-block-column-is-layout-flow\">\n<p>Famille de John&nbsp;E. Irving (Isles Foundation)<\/p>\n\n\n\n<p>The Lang Family Foundation<\/p>\n\n\n\n<p>Fondation Famille L\u00e9ger<\/p>\n\n\n\n<p>Levio<\/p>\n\n\n\n<p>Patrick and Barbara Keenan Foundation<\/p>\n\n\n\n<p>Fondation RBC<\/p>\n\n\n\n<p>The Werklund Foundation<\/p>\n\n\n\n<p>Anonyme (3)<\/p>\n<\/div>\n<\/div>\n<\/div>\n\n\n\n<div class=\"wp-block-group innovators-partner has-black-color has-lavender-background-color has-text-color has-background has-link-color wp-elements-ea2787e30341cba992265ebb59674e99 has-global-padding is-layout-constrained wp-block-group-is-layout-constrained\" style=\"margin-top:0px;margin-bottom:0px;padding-top:60px;padding-bottom:60px\">\n<h2 class=\"wp-block-heading\" id=\"h-partenaires-strategiques-et-de-recherche\"><strong>Partenaires strat\u00e9giques et de recherche<\/strong><\/h2>\n\n\n\n<p><br>Nous sommes reconnaissant\u00b7e\u00b7s aux partenaires strat\u00e9giques et de recherche ci-dessous d\u2019avoir fourni des ressources \u00e0 l\u2019\u00e9cosyst\u00e8me de Jeunesse, J\u2019\u00e9coute pour favoriser la croissance de l\u2019acc\u00e9l\u00e9rateur<sup>JJ\u2019E<\/sup> et d\u2019\u00eatre des collaborateurs transformant les solutions num\u00e9riques en mati\u00e8re de sant\u00e9 mentale pour les jeunes.<\/p>\n\n\n\n<div class=\"wp-block-columns is-layout-flex wp-container-core-columns-is-layout-28f84493 wp-block-columns-is-layout-flex\">\n<div class=\"wp-block-column is-layout-flow wp-block-column-is-layout-flow\">\n<p>Inforoute Sant\u00e9 du Canada, partenaire catalyseur fondateur<\/p>\n\n\n\n<p>BMO<\/p>\n\n\n\n<p>Elevate<\/p>\n<\/div>\n\n\n\n<div class=\"wp-block-column is-layout-flow wp-block-column-is-layout-flow\">\n<p>Levio<\/p>\n\n\n\n<p>Recherche en sant\u00e9 mentale Canada<\/p>\n\n\n\n<p>Institut Vector<\/p>\n<\/div>\n<\/div>\n<\/div>\n\n\n\n<div class=\"wp-block-group alignwide two-col-text-spacing sub-header has-white-background-color has-background has-global-padding is-layout-constrained wp-container-core-group-is-layout-38a33963 wp-block-group-is-layout-constrained\" style=\"margin-top:0px;margin-bottom:0px;padding-top:60px;padding-bottom:60px\">\n<div class=\"wp-block-media-text alignwide has-media-on-the-right is-stacked-on-mobile is-vertically-aligned-top\"><div class=\"wp-block-media-text__content\">\n<div class=\"wp-block-group pe-md-5 has-global-padding is-layout-constrained wp-block-group-is-layout-constrained\">\n<h2 class=\"wp-block-heading sub-header\" id=\"h-souhaitez-vous-vous-joindre-a-des-innovateur-rice-s-philanthropiques-de-premier-plan-pour-contribuer-a-transformer-le-paysage-numerique-de-la-sante-mentale-au-canada\" style=\"margin-top:30px;margin-bottom:30px\"><strong>Souhaitez-vous vous joindre \u00e0 des innovateur\u00b7rice\u00b7s philanthropiques de premier plan pour contribuer \u00e0 transformer le paysage num\u00e9rique de la sant\u00e9 mentale au Canada?<\/strong><\/h2>\n\n\n\n<p class=\"has-text-color\" style=\"color:#000000\">Si vous voulez collaborer avec d\u2019\u00e9minent\u00b7e\u00b7s acteur\u00b7rice\u00b7s de changement pour soutenir la sant\u00e9 mentale des jeunes, vous pouvez contacter l\u2019\u00e9quipe de l\u2019acc\u00e9l\u00e9rateur<sup>JJ\u2019E<\/sup> d\u00e8s aujourd\u2019hui!<\/p>\n\n\n\n<p class=\"has-text-color\" style=\"color:#000000\"><\/p>\n\n\n\n<div class=\"wp-block-buttons icon-btn is-layout-flex wp-block-buttons-is-layout-flex\">\n<div class=\"wp-block-button is-style-fill has-heading-font-family\" style=\"font-style:normal;font-weight:700\"><a class=\"wp-block-button__link has-white-color has-ruby-background-color has-text-color has-background has-link-color wp-element-button\" href=\"\/fr\/nous-contacter\/\" style=\"border-radius:32px;padding-top:20px;padding-right:25px;padding-bottom:20px;padding-left:25px\">CONTACTER L\u2019\u00c9QUIPE DE L\u2019ACC\u00c9L\u00c9RATEUR<sup>JJ\u2019E<\/sup> D\u00c8S AUJOURD\u2019HUI <span aria-hidden=\"true\" class=\"btn-icon ms-3\"><img decoding=\"async\" src=\"\/wp-content\/uploads\/2024\/09\/arrow-black.png\" alt=\"\"><\/span><\/a><\/div>\n<\/div>\n<\/div>\n<\/div><figure class=\"wp-block-media-text__media\"><img decoding=\"async\" src=\"https:\/\/en-khp-microsite.4dconnect.com\/wp-content\/uploads\/2024\/09\/philantrophic.png\" alt=\"\" class=\"wp-image-255 size-full\" \/><\/figure><\/div>\n<\/div>\n","protected":false},"excerpt":{"rendered":"<p>Innovateur\u00b7rice\u00b7s pour Lib\u00e8re tes \u00e9motions Salim Teja Copr\u00e9sident des innovateur\u00b7rice\u00b7s pour Lib\u00e8re tes \u00e9motions Partenaire, Radical Ventures Nicole German Copr\u00e9sidente des innovateur\u00b7rice\u00b7s pour Lib\u00e8re tes \u00e9motions Directrice de la commercialisation mondiale, Services bancaires commerciaux et march\u00e9s bancaires et mondiaux, HSBC Krista Jones Responsable de projet Lisa Zarzeczny Responsable de projet Directrice g\u00e9n\u00e9rale, Elevate Iain Klugman [&hellip;]<\/p>\n","protected":false},"author":1,"featured_media":0,"parent":0,"menu_order":0,"comment_status":"closed","ping_status":"closed","template":"","meta":{"_acf_changed":false,"footnotes":""},"class_list":["post-36","page","type-page","status-publish","hentry"],"yoast_head":"<!-- This site is optimized with the Yoast SEO Premium plugin v27.2 (Yoast SEO v27.2) - https:\/\/yoast.com\/product\/yoast-seo-premium-wordpress\/ -->\n<title>Des leaders agiles qui changent la donne \u2013 acc\u00e9l\u00e9rateurJJ\u2019E<\/title>\n<meta name=\"description\" content=\"Rencontrez les agent\u00b7e\u00b7s de changement menant un virage dans le domaine de la technologie et de la sant\u00e9 mentale avec Jeunesse, J\u2019\u00e9coute.\" \/>\n<meta name=\"robots\" content=\"index, follow, max-snippet:-1, max-image-preview:large, max-video-preview:-1\" \/>\n<link rel=\"canonical\" href=\"https:\/\/acceleratorkhp.ca\/fr\/leaders-old\/\" \/>\n<meta property=\"og:locale\" content=\"fr_CA\" \/>\n<meta property=\"og:type\" content=\"article\" \/>\n<meta property=\"og:title\" content=\"Leaders OLD\" \/>\n<meta property=\"og:description\" content=\"Rencontrez les agent\u00b7e\u00b7s de changement menant un virage dans le domaine de la technologie et de la sant\u00e9 mentale avec Jeunesse, J\u2019\u00e9coute.\" \/>\n<meta property=\"og:url\" content=\"https:\/\/acceleratorkhp.ca\/fr\/leaders-old\/\" \/>\n<meta property=\"og:site_name\" content=\"acc\u00e9l\u00e9rateurJJ\u2019E\" \/>\n<meta property=\"article:modified_time\" content=\"2025-10-13T14:16:40+00:00\" \/>\n<meta property=\"og:image\" content=\"https:\/\/en-khp-microsite.4dconnect.com\/wp-content\/uploads\/2024\/09\/leaders.svg\" \/>\n<meta name=\"twitter:card\" content=\"summary_large_image\" \/>\n<meta name=\"twitter:label1\" content=\"Estimation du temps de lecture\" \/>\n\t<meta name=\"twitter:data1\" content=\"3 minutes\" \/>\n<script type=\"application\/ld+json\" class=\"yoast-schema-graph\">{\"@context\":\"https:\/\/schema.org\",\"@graph\":[{\"@type\":\"WebPage\",\"@id\":\"https:\/\/acceleratorkhp.ca\/fr\/leaders-old\/\",\"url\":\"https:\/\/acceleratorkhp.ca\/fr\/leaders-old\/\",\"name\":\"Des leaders agiles qui changent la donne \u2013 acc\u00e9l\u00e9rateurJJ\u2019E\",\"isPartOf\":{\"@id\":\"https:\/\/acceleratorkhp.ca\/fr\/#website\"},\"primaryImageOfPage\":{\"@id\":\"https:\/\/acceleratorkhp.ca\/fr\/leaders-old\/#primaryimage\"},\"image\":{\"@id\":\"https:\/\/acceleratorkhp.ca\/fr\/leaders-old\/#primaryimage\"},\"thumbnailUrl\":\"https:\/\/en-khp-microsite.4dconnect.com\/wp-content\/uploads\/2024\/09\/leaders.svg\",\"datePublished\":\"2024-10-25T07:35:30+00:00\",\"dateModified\":\"2025-10-13T14:16:40+00:00\",\"description\":\"Rencontrez les agent\u00b7e\u00b7s de changement menant un virage dans le domaine de la technologie et de la sant\u00e9 mentale avec Jeunesse, J\u2019\u00e9coute.\",\"breadcrumb\":{\"@id\":\"https:\/\/acceleratorkhp.ca\/fr\/leaders-old\/#breadcrumb\"},\"inLanguage\":\"fr-CA\",\"potentialAction\":[{\"@type\":\"ReadAction\",\"target\":[\"https:\/\/acceleratorkhp.ca\/fr\/leaders-old\/\"]}]},{\"@type\":\"ImageObject\",\"inLanguage\":\"fr-CA\",\"@id\":\"https:\/\/acceleratorkhp.ca\/fr\/leaders-old\/#primaryimage\",\"url\":\"https:\/\/en-khp-microsite.4dconnect.com\/wp-content\/uploads\/2024\/09\/leaders.svg\",\"contentUrl\":\"https:\/\/en-khp-microsite.4dconnect.com\/wp-content\/uploads\/2024\/09\/leaders.svg\"},{\"@type\":\"BreadcrumbList\",\"@id\":\"https:\/\/acceleratorkhp.ca\/fr\/leaders-old\/#breadcrumb\",\"itemListElement\":[{\"@type\":\"ListItem\",\"position\":1,\"name\":\"Home\",\"item\":\"https:\/\/acceleratorkhp.ca\/fr\/\"},{\"@type\":\"ListItem\",\"position\":2,\"name\":\"Leaders OLD\"}]},{\"@type\":\"WebSite\",\"@id\":\"https:\/\/acceleratorkhp.ca\/fr\/#website\",\"url\":\"https:\/\/acceleratorkhp.ca\/fr\/\",\"name\":\"acc\u00e9l\u00e9rateurJJ\u2019E\",\"description\":\"\",\"publisher\":{\"@id\":\"https:\/\/acceleratorkhp.ca\/fr\/#organization\"},\"potentialAction\":[{\"@type\":\"SearchAction\",\"target\":{\"@type\":\"EntryPoint\",\"urlTemplate\":\"https:\/\/acceleratorkhp.ca\/fr\/?s={search_term_string}\"},\"query-input\":{\"@type\":\"PropertyValueSpecification\",\"valueRequired\":true,\"valueName\":\"search_term_string\"}}],\"inLanguage\":\"fr-CA\"},{\"@type\":\"Organization\",\"@id\":\"https:\/\/acceleratorkhp.ca\/fr\/#organization\",\"name\":\"acc\u00e9l\u00e9rateurJJ\u2019E\",\"url\":\"https:\/\/acceleratorkhp.ca\/fr\/\",\"logo\":{\"@type\":\"ImageObject\",\"inLanguage\":\"fr-CA\",\"@id\":\"https:\/\/acceleratorkhp.ca\/fr\/#\/schema\/logo\/image\/\",\"url\":\"https:\/\/acceleratorkhp.ca\/fr\/wp-content\/uploads\/sites\/2\/2024\/10\/accelerator-primary-fr-ruby-RGB-2.svg\",\"contentUrl\":\"https:\/\/acceleratorkhp.ca\/fr\/wp-content\/uploads\/sites\/2\/2024\/10\/accelerator-primary-fr-ruby-RGB-2.svg\",\"caption\":\"acc\u00e9l\u00e9rateurJJ\u2019E\"},\"image\":{\"@id\":\"https:\/\/acceleratorkhp.ca\/fr\/#\/schema\/logo\/image\/\"}}]}<\/script>\n<!-- \/ Yoast SEO Premium plugin. -->","yoast_head_json":{"title":"Des leaders agiles qui changent la donne \u2013 acc\u00e9l\u00e9rateurJJ\u2019E","description":"Rencontrez les agent\u00b7e\u00b7s de changement menant un virage dans le domaine de la technologie et de la sant\u00e9 mentale avec Jeunesse, J\u2019\u00e9coute.","robots":{"index":"index","follow":"follow","max-snippet":"max-snippet:-1","max-image-preview":"max-image-preview:large","max-video-preview":"max-video-preview:-1"},"canonical":"https:\/\/acceleratorkhp.ca\/fr\/leaders-old\/","og_locale":"fr_CA","og_type":"article","og_title":"Leaders OLD","og_description":"Rencontrez les agent\u00b7e\u00b7s de changement menant un virage dans le domaine de la technologie et de la sant\u00e9 mentale avec Jeunesse, J\u2019\u00e9coute.","og_url":"https:\/\/acceleratorkhp.ca\/fr\/leaders-old\/","og_site_name":"acc\u00e9l\u00e9rateurJJ\u2019E","article_modified_time":"2025-10-13T14:16:40+00:00","og_image":[{"url":"https:\/\/en-khp-microsite.4dconnect.com\/wp-content\/uploads\/2024\/09\/leaders.svg","type":"","width":"","height":""}],"twitter_card":"summary_large_image","twitter_misc":{"Estimation du temps de lecture":"3 minutes"},"schema":{"@context":"https:\/\/schema.org","@graph":[{"@type":"WebPage","@id":"https:\/\/acceleratorkhp.ca\/fr\/leaders-old\/","url":"https:\/\/acceleratorkhp.ca\/fr\/leaders-old\/","name":"Des leaders agiles qui changent la donne \u2013 acc\u00e9l\u00e9rateurJJ\u2019E","isPartOf":{"@id":"https:\/\/acceleratorkhp.ca\/fr\/#website"},"primaryImageOfPage":{"@id":"https:\/\/acceleratorkhp.ca\/fr\/leaders-old\/#primaryimage"},"image":{"@id":"https:\/\/acceleratorkhp.ca\/fr\/leaders-old\/#primaryimage"},"thumbnailUrl":"https:\/\/en-khp-microsite.4dconnect.com\/wp-content\/uploads\/2024\/09\/leaders.svg","datePublished":"2024-10-25T07:35:30+00:00","dateModified":"2025-10-13T14:16:40+00:00","description":"Rencontrez les agent\u00b7e\u00b7s de changement menant un virage dans le domaine de la technologie et de la sant\u00e9 mentale avec Jeunesse, J\u2019\u00e9coute.","breadcrumb":{"@id":"https:\/\/acceleratorkhp.ca\/fr\/leaders-old\/#breadcrumb"},"inLanguage":"fr-CA","potentialAction":[{"@type":"ReadAction","target":["https:\/\/acceleratorkhp.ca\/fr\/leaders-old\/"]}]},{"@type":"ImageObject","inLanguage":"fr-CA","@id":"https:\/\/acceleratorkhp.ca\/fr\/leaders-old\/#primaryimage","url":"https:\/\/en-khp-microsite.4dconnect.com\/wp-content\/uploads\/2024\/09\/leaders.svg","contentUrl":"https:\/\/en-khp-microsite.4dconnect.com\/wp-content\/uploads\/2024\/09\/leaders.svg"},{"@type":"BreadcrumbList","@id":"https:\/\/acceleratorkhp.ca\/fr\/leaders-old\/#breadcrumb","itemListElement":[{"@type":"ListItem","position":1,"name":"Home","item":"https:\/\/acceleratorkhp.ca\/fr\/"},{"@type":"ListItem","position":2,"name":"Leaders OLD"}]},{"@type":"WebSite","@id":"https:\/\/acceleratorkhp.ca\/fr\/#website","url":"https:\/\/acceleratorkhp.ca\/fr\/","name":"acc\u00e9l\u00e9rateurJJ\u2019E","description":"","publisher":{"@id":"https:\/\/acceleratorkhp.ca\/fr\/#organization"},"potentialAction":[{"@type":"SearchAction","target":{"@type":"EntryPoint","urlTemplate":"https:\/\/acceleratorkhp.ca\/fr\/?s={search_term_string}"},"query-input":{"@type":"PropertyValueSpecification","valueRequired":true,"valueName":"search_term_string"}}],"inLanguage":"fr-CA"},{"@type":"Organization","@id":"https:\/\/acceleratorkhp.ca\/fr\/#organization","name":"acc\u00e9l\u00e9rateurJJ\u2019E","url":"https:\/\/acceleratorkhp.ca\/fr\/","logo":{"@type":"ImageObject","inLanguage":"fr-CA","@id":"https:\/\/acceleratorkhp.ca\/fr\/#\/schema\/logo\/image\/","url":"https:\/\/acceleratorkhp.ca\/fr\/wp-content\/uploads\/sites\/2\/2024\/10\/accelerator-primary-fr-ruby-RGB-2.svg","contentUrl":"https:\/\/acceleratorkhp.ca\/fr\/wp-content\/uploads\/sites\/2\/2024\/10\/accelerator-primary-fr-ruby-RGB-2.svg","caption":"acc\u00e9l\u00e9rateurJJ\u2019E"},"image":{"@id":"https:\/\/acceleratorkhp.ca\/fr\/#\/schema\/logo\/image\/"}}]}},"acf":[],"_links":{"self":[{"href":"https:\/\/acceleratorkhp.ca\/fr\/wp-json\/wp\/v2\/pages\/36","targetHints":{"allow":["GET"]}}],"collection":[{"href":"https:\/\/acceleratorkhp.ca\/fr\/wp-json\/wp\/v2\/pages"}],"about":[{"href":"https:\/\/acceleratorkhp.ca\/fr\/wp-json\/wp\/v2\/types\/page"}],"author":[{"embeddable":true,"href":"https:\/\/acceleratorkhp.ca\/fr\/wp-json\/wp\/v2\/users\/1"}],"replies":[{"embeddable":true,"href":"https:\/\/acceleratorkhp.ca\/fr\/wp-json\/wp\/v2\/comments?post=36"}],"version-history":[{"count":0,"href":"https:\/\/acceleratorkhp.ca\/fr\/wp-json\/wp\/v2\/pages\/36\/revisions"}],"wp:attachment":[{"href":"https:\/\/acceleratorkhp.ca\/fr\/wp-json\/wp\/v2\/media?parent=36"}],"curies":[{"name":"wp","href":"https:\/\/api.w.org\/{rel}","templated":true}]}}