{"id":58,"date":"2024-10-28T08:30:20","date_gmt":"2024-10-28T08:30:20","guid":{"rendered":"https:\/\/en-khp-microsite.4dconnect.com\/fr\/?page_id=58"},"modified":"2025-10-15T12:48:25","modified_gmt":"2025-10-15T12:48:25","slug":"nous-contacter","status":"publish","type":"page","link":"https:\/\/acceleratorkhp.ca\/fr\/nous-contacter\/","title":{"rendered":"Nous contacter"},"content":{"rendered":"\n<div class=\"wp-block-cover alignfull is-light header-spacing-inner has-black-color has-text-color has-link-color wp-elements-20a798022cfa29ecfb3ea836a552fcb7\" style=\"margin-top:0px;margin-bottom:0px;padding-right:0px;padding-left:0%\"><span aria-hidden=\"true\" class=\"wp-block-cover__background has-lavender-background-color has-background-dim-100 has-background-dim\"><\/span><div class=\"wp-block-cover__inner-container has-global-padding is-layout-constrained wp-container-core-cover-is-layout-ac342ae3 wp-block-cover-is-layout-constrained\">\n<p class=\"breadcrumb has-ruby-color has-text-color has-link-color wp-elements-1e172982caae3b07fb319ac29b3e2aa0\"><a href=\"\/fr\">Accueil<\/a> <img decoding=\"async\" class=\"breadcrumb-arrow\" style=\"width: auto;height: 7px\" src=\"\/wp-content\/themes\/khp-microsite\/assets\/images\/breadcrumb-separator.png\" alt=\"\"> <a aria-current=\"page\" style=\"text-decoration:none\" href=\"void(0)\">Nous contacter<\/a><\/p>\n\n\n\n<div class=\"wp-block-columns hero-banner is-layout-flex wp-container-core-columns-is-layout-28f84493 wp-block-columns-is-layout-flex\">\n<div class=\"wp-block-column is-layout-flow wp-block-column-is-layout-flow\" style=\"flex-basis:72%\">\n<h1 class=\"wp-block-heading has-text-align-left\" id=\"h-changez-les-choses-pour-la-sante-mentale\" style=\"margin-bottom:30px;line-height:1\">Changez les choses pour la sant\u00e9 mentale<\/h1>\n\n\n\n<p>Des personnes d\u2019un oc\u00e9an \u00e0 l\u2019autre \u00e9taient parmi les premi\u00e8res \u00e0 introduire IMAX, Hootsuite, Wattpad, Loop et bien plus. Par la technologie, l\u2019innovation, les donn\u00e9es et les partenariats, Jeunesse, J\u2019\u00e9coute&nbsp; est le premier \u00e0 \u00e9veiller l\u2019espoir pour que plus de jeunes s\u2019\u00e9panouissent dans leur monde. Pour contribuer \u00e0 transformer le paysage num\u00e9rique de la sant\u00e9 mentale au Canada, \u00e0 r\u00e9pondre \u00e0 la crise en mati\u00e8re de sant\u00e9 mentale et \u00e0 permettre \u00e0 plus de jeunes de lib\u00e9rer leurs \u00e9motions, vous pouvez contacter l\u2019\u00e9quipe de l\u2019acc\u00e9l\u00e9rateur d\u2019innovation et de recherche appliqu\u00e9e pour la sant\u00e9 mentale des jeunes de Jeunesse, J\u2019\u00e9coute.<\/p>\n\n\n\n<div class=\"wp-block-buttons icon-btn is-layout-flex wp-block-buttons-is-layout-flex\">\n<div class=\"wp-block-button is-style-fill w-auto\"><a class=\"wp-block-button__link has-white-color has-ruby-background-color has-text-color has-background has-link-color has-heading-font-family wp-element-button\" href=\"#contactform\" style=\"border-radius:32px;padding-top:20px;padding-right:25px;padding-bottom:20px;padding-left:25px;font-style:normal;font-weight:700\">NOUS CONTACTER <span aria-hidden=\"true\" class=\"btn-icon ms-3\"><img decoding=\"async\" src=\"\/wp-content\/uploads\/2024\/09\/arrow-black.png\" alt=\"\"><\/span><\/a><\/div>\n\n\n\n<div class=\"wp-block-button is-style-fill w-auto external-link\"><a class=\"wp-block-button__link has-white-color has-ruby-background-color has-text-color has-background has-link-color has-heading-font-family wp-element-button\" href=\"https:\/\/kidshelpphone.akaraisin.com\/ui\/15611798567C4335A6E74CFCA2B029F4\/donations\/start\" style=\"border-radius:32px;padding-top:20px;padding-right:25px;padding-bottom:20px;padding-left:25px\" target=\"_blank\" rel=\"noreferrer noopener\">DONNER MAINTENANT <span aria-hidden=\"true\" class=\"btn-icon ms-3\"><img decoding=\"async\" src=\"\/wp-content\/uploads\/2024\/09\/arrow-black.png\" alt=\"\"><\/span><\/a><\/div>\n<\/div>\n\n\n\n<div style=\"margin-top:0px;margin-bottom:0px;height:100px\" aria-hidden=\"true\" class=\"wp-block-spacer d-none d-md-block\"><\/div>\n<\/div>\n\n\n\n<div class=\"wp-block-column d-none d-xl-block d-md-block is-layout-flow wp-block-column-is-layout-flow\" style=\"padding-bottom:40px;flex-basis:28%\">\n<div style=\"margin-top:0px;margin-bottom:0px;height:20px\" aria-hidden=\"true\" class=\"wp-block-spacer d-md-none\"><\/div>\n\n\n\n<figure class=\"wp-block-image size-full text-center text-lg-end\"><img decoding=\"async\" src=\"https:\/\/en-khp-microsite.4dconnect.com\/wp-content\/uploads\/2024\/09\/about-hero-icon.png\" alt=\"\" class=\"wp-image-155\"\/><\/figure>\n<\/div>\n<\/div>\n<\/div><\/div>\n\n\n\n<div class=\"wp-block-group alignwide two-col-text-spacing sub-header contact-page has-white-background-color has-background has-global-padding is-layout-constrained wp-container-core-group-is-layout-38a33963 wp-block-group-is-layout-constrained\" style=\"margin-top:0px;margin-bottom:0px;padding-top:60px;padding-bottom:60px\">\n<div class=\"wp-block-media-text alignwide is-stacked-on-mobile is-vertically-aligned-top is-image-fill-element img-border-radius\"><figure class=\"wp-block-media-text__media\"><img decoding=\"async\" src=\"https:\/\/en-khp-microsite.4dconnect.com\/wp-content\/uploads\/2024\/09\/contact-us-495x1024.png\" alt=\"\" class=\"wp-image-209 size-full\" style=\"object-position:50% 50%\"\/><\/figure><div class=\"wp-block-media-text__content\">\n<div id=\"contactform\" class=\"wp-block-group ps-md-4 ps-lg-5 has-global-padding is-layout-constrained wp-block-group-is-layout-constrained\">\n<div style=\"height:50px\" aria-hidden=\"true\" class=\"wp-block-spacer\"><\/div>\n\n\n<div class=\"frm_forms  with_frm_style frm_style_microsite-form-style\" id=\"frm_form_2_container\" data-token=\"7b6a597e024d9ec5e2dffdb0e3dfd444\">\n<form enctype=\"multipart\/form-data\" method=\"post\" class=\"frm-show-form  frm_pro_form \" id=\"form_contact-form2\" data-token=\"7b6a597e024d9ec5e2dffdb0e3dfd444\">\n<div class=\"frm_form_fields \">\n<fieldset>\n<legend class=\"frm_screen_reader\">Nous contacter<\/legend>\r\n<h2 class=\"frm_form_title wp-block-heading sub-header\">Nous contacter<\/h2>\r\n<div class=\"frm_description lead\"><p>Tous les champs avec un ast\u00e9risque (*) sont obligatoires.<\/p>\n<\/div><div class=\"frm_fields_container\">\n<input type=\"hidden\" name=\"frm_action\" value=\"create\" \/>\n<input type=\"hidden\" name=\"form_id\" value=\"2\" \/>\n<input type=\"hidden\" name=\"frm_hide_fields_2\" id=\"frm_hide_fields_2\" value=\"\" \/>\n<input type=\"hidden\" name=\"form_key\" value=\"contact-form2\" \/>\n<input type=\"hidden\" name=\"item_meta[0]\" value=\"\" \/>\n<input type=\"hidden\" id=\"frm_submit_entry_2\" name=\"frm_submit_entry_2\" value=\"9b6f39198f\" \/><input type=\"hidden\" name=\"_wp_http_referer\" value=\"\/fr\/wp-json\/wp\/v2\/pages\/58\" \/><div id=\"frm_field_7_container\" class=\"frm_form_field form-field  frm_required_field frm_top_container frm_first frm12\">\r\n\t<label for=\"field_qh4icy2\" id=\"field_qh4icy2_label\" class=\"frm_primary_label\"><span class=\"frm_required\" aria-hidden=\"true\">*<\/span> Pr\u00e9nom\r\n\t<\/label>\r\n\t<input  type=\"text\" id=\"field_qh4icy2\" name=\"item_meta[7]\" value=\"\"  placeholder=\"Pr\u00e9nom\" data-reqmsg=\"Pr\u00e9nom ne peut pas \u00eatre vide.\" aria-required=\"true\" data-invmsg=\"Pr\u00e9nom is invalid\" aria-invalid=\"false\"   \/>\r\n\t\r\n\t\r\n<\/div>\n<div id=\"frm_field_8_container\" class=\"frm_form_field form-field  frm_required_field frm_top_container frm12\">\r\n\t<label for=\"field_v83m0\" id=\"field_v83m0_label\" class=\"frm_primary_label\">\r\n           <span class=\"frm_required\" aria-hidden=\"true\">*<\/span>\r\n           Nom de famille\r\n\t<\/label>\r\n\t<input  type=\"text\" id=\"field_v83m0\" name=\"item_meta[8]\" value=\"\"  placeholder=\"Nom de famille\" data-reqmsg=\"Nom de famille ne peut pas \u00eatre vide.\" aria-required=\"true\" data-invmsg=\"Nom de famille is invalid\" aria-invalid=\"false\"   \/>\r\n\t\r\n\t\r\n<\/div>\n<div id=\"frm_field_9_container\" class=\"frm_form_field form-field  frm_required_field frm_top_container frm_first frm12\">\r\n\t<label for=\"field_29yf4d2\" id=\"field_29yf4d2_label\" class=\"frm_primary_label\">\r\n<span class=\"frm_required\" aria-hidden=\"true\">*<\/span>\r\nAdresse courriel\r\n\t\t\r\n\t<\/label>\r\n\t<input type=\"email\" id=\"field_29yf4d2\" name=\"item_meta[9]\" value=\"\"  placeholder=\"nom@mail.com\" data-reqmsg=\"Adresse courriel ne peut pas \u00eatre vide.\" aria-required=\"true\" data-invmsg=\"Please enter a valid email address\" aria-invalid=\"false\"  \/>\r\n\t\r\n\t\r\n<\/div>\n<div id=\"frm_field_10_container\" class=\"frm_form_field form-field  frm_top_container\">\r\n\t<label for=\"field_c4d6z\" id=\"field_c4d6z_label\" class=\"frm_primary_label\">Num\u00e9ro de t\u00e9l\u00e9phone (facultatif)\r\n\t\t<span class=\"frm_required\" aria-hidden=\"true\"><\/span>\r\n\t<\/label>\r\n\t<input type=\"tel\" id=\"field_c4d6z\" name=\"item_meta[10]\" value=\"\"  placeholder=\"000-000-0000\" data-invmsg=\"Num\u00e9ro de t\u00e9l\u00e9phone (facultatif) is invalid\" aria-invalid=\"false\" pattern=\"((\\+\\d{1,3}(-|.| )?\\(?\\d\\)?(-| |.)?\\d{1,5})|(\\(?\\d{2,6}\\)?))(-|.| )?(\\d{3,4})(-|.| )?(\\d{4})(( x| ext)\\d{1,5}){0,1}$\"  \/>\r\n\t\r\n\t\r\n<\/div>\n<div id=\"frm_field_11_container\" class=\"frm_form_field form-field  frm_required_field frm_top_container\">\r\n\t<label for=\"field_ylmb1\" id=\"field_ylmb1_label\" class=\"frm_primary_label\">\r\n           <span class=\"frm_required\" aria-hidden=\"true\">*<\/span>\r\n            Organisme\r\n\t\t\r\n\t<\/label>\r\n\t<input  type=\"text\" id=\"field_ylmb1\" name=\"item_meta[11]\" value=\"\"  placeholder=\"Nom de l\u2019organisme\" data-reqmsg=\"Organisme ne peut pas \u00eatre vide.\" aria-required=\"true\" data-invmsg=\"Organisme is invalid\" aria-invalid=\"false\"   \/>\r\n\t\r\n\t\r\n<\/div>\n<div id=\"frm_field_12_container\" class=\"frm_form_field form-field  frm_required_field frm_top_container\">\r\n\t<label for=\"field_d2pdp\" id=\"field_d2pdp_label\" class=\"frm_primary_label\"> \r\n             <span class=\"frm_required\" aria-hidden=\"true\">*<\/span>\r\n            Int\u00e9r\u00eat\r\n\t<\/label>\r\n\t\t\t<select name=\"item_meta[12]\" id=\"field_d2pdp\"  data-placeholder=\"S\u00e9lectionnez votre int\u00e9r\u00eat\"  placeholder=\"S\u00e9lectionnez votre int\u00e9r\u00eat\" data-reqmsg=\"Int\u00e9r\u00eat ne peut pas \u00eatre vide.\" aria-required=\"true\" data-invmsg=\"Int\u00e9r\u00eat is invalid\" aria-invalid=\"false\"  >\n\t\t<option  class=\"frm-select-placeholder\" value=\"\" data-placeholder=\"true\">S\u00e9lectionnez votre int\u00e9r\u00eat<\/option><option  value=\"Partenariat\">Partenariat<\/option><option  value=\"Financement\">Financement<\/option><option  value=\"Autres\">Autres<\/option>\t<\/select>\n\t\r\n\t\r\n\t\r\n<\/div>\n<div id=\"frm_field_13_container\" class=\"frm_form_field form-field  frm_required_field frm_top_container\">\r\n\t<label for=\"field_fabsa\" id=\"field_fabsa_label\" class=\"frm_primary_label\">\r\n           <span class=\"frm_required\" aria-hidden=\"true\">*<\/span>\r\n           Message\r\n\t\t\r\n\t<\/label>\r\n\t<textarea name=\"item_meta[13]\" id=\"field_fabsa\" rows=\"5\"  placeholder=\"\u00c9crivez votre message ici\" data-reqmsg=\"Message ne peut pas \u00eatre vide.\" aria-required=\"true\" data-invmsg=\"Message is invalid\" aria-invalid=\"false\"  ><\/textarea>\r\n\t\r\n\t\r\n<\/div>\n<div id=\"frm_field_14_container\" class=\"frm_form_field form-field  frm_required_field frm_none_container vertical_radio\">\r\n\t<div id=\"field_dw9aw_label\" class=\"frm_primary_label\">Ce champ\r\n\t\t<span class=\"frm_required\" aria-hidden=\"true\">*<\/span>\r\n\t<\/div>\r\n\t<div class=\"frm_opt_container\" role=\"group\">\t\t<div class=\"frm_checkbox\" id=\"frm_checkbox_14-0\">\t\t\t<label  for=\"field_dw9aw-0\">\n\t\t\t<input type=\"checkbox\" name=\"item_meta[14][]\" id=\"field_dw9aw-0\" value=\"En cochant la case, j\u2019accepte de recevoir des communications de Jeunesse, J\u2019\u00e9coute.\"  data-reqmsg=\"Ce champ ne peut pas \u00eatre vide.\" data-invmsg=\"Ce champ is invalid\"   aria-required=\"true\"  \/> En cochant la case, j\u2019accepte de recevoir des communications de Jeunesse, J\u2019\u00e9coute.<\/label><\/div>\n<\/div>\r\n\t\r\n\t\r\n<\/div>\n<div id=\"frm_field_15_container\" class=\"frm_form_field  frm_html_container form-field\"><\/div>\n<div id=\"frm_field_16_container\" class=\"frm_form_field form-field \">\r\n\t<div class=\"frm_submit frm_flex wp-block-button\">\r\n<button class=\"frm_button_submit frm_final_submit\" type=\"submit\"  formnovalidate=\"formnovalidate\">SOUMETTRE<\/button>\r\n\r\n\r\n\r\n<\/div>\r\n<\/div>\n\t<input type=\"hidden\" name=\"item_key\" value=\"\" \/>\n\t\t\t<div id=\"frm_field_50_container\">\n\t\t\t<label for=\"field_12psr\" >\n\t\t\t\tIf you are human, leave this field blank.\t\t\t<\/label>\n\t\t\t<input  id=\"field_12psr\" type=\"text\" class=\"frm_form_field form-field frm_verify\" name=\"item_meta[50]\" value=\"\"  \/>\n\t\t<\/div>\n\t\t<input name=\"frm_state\" type=\"hidden\" value=\"XCBUJ4G155hcBuXn\/M0jRNQhwZod1gUGcS8E0JjAZpaO\/KtrowEp7r1N4MnAJLLP\" \/><\/div>\n<\/fieldset>\n<\/div>\n<script type=\"text\/javascript\">var input = document.createElement('input');\n    input.setAttribute('type', 'hidden');\n    input.setAttribute('name', 'ct_checkjs_frm');\n    input.setAttribute('value', '223589821');\n    for (i = 0; i < document.forms.length; i++) {\n        if (typeof document.forms[i].id == 'string'){\n\t\t\tif(document.forms[i].id.search('form_contact-form2') != -1) {\n            document.forms[i].appendChild(input);\n\t\t\t}\n        }\n    }<\/script>\n\n<\/form>\n<\/div>\n\n<\/div>\n<\/div><\/div>\n\n\n\n<div style=\"height:50px\" aria-hidden=\"true\" class=\"wp-block-spacer\"><\/div>\n\n\n\n<h3 class=\"wp-block-heading has-text-align-center\" id=\"h-est-ce-que-vous-ou-une-personne-que-vous-connaissez-recherchez-du-soutien-en-matiere-de-bien-etre\"><strong>Vous avez besoin d\u2019aide?<\/strong><\/h3>\n\n\n\n<p class=\"has-text-align-center has-black-color has-text-color has-link-color wp-elements-b16eb6d1a7d0490392accf0acbcc0840\">Peu importe leurs probl\u00e8mes, les jeunes du Canada peuvent obtenir de l\u2019aide et lib\u00e9rer leurs \u00e9motions gr\u00e2ce au service en mati\u00e8re de bien-\u00eatre gratuit, confidentiel, multilingue et accessible en tout temps sur le site <a href=\"https:\/\/jeunessejecoute.ca\/\" target=\"_blank\" rel=\"noreferrer noopener\">JeunesseJecoute.ca<\/a>.<\/p>\n<\/div>\n","protected":false},"excerpt":{"rendered":"<p>Vous avez besoin d\u2019aide? Peu importe leurs probl\u00e8mes, les jeunes du Canada peuvent obtenir de l\u2019aide et lib\u00e9rer leurs \u00e9motions gr\u00e2ce au service en mati\u00e8re de bien-\u00eatre gratuit, confidentiel, multilingue et accessible en tout temps sur le site JeunesseJecoute.ca.<\/p>\n","protected":false},"author":1,"featured_media":0,"parent":0,"menu_order":0,"comment_status":"closed","ping_status":"closed","template":"","meta":{"_acf_changed":false,"footnotes":""},"class_list":["post-58","page","type-page","status-publish","hentry"],"yoast_head":"<!-- This site is optimized with the Yoast SEO Premium plugin v27.2 (Yoast SEO v27.2) - https:\/\/yoast.com\/product\/yoast-seo-premium-wordpress\/ -->\n<title>Changez les choses pour la sant\u00e9 mentale \u2013 acc\u00e9l\u00e9rateurJJ\u2019E<\/title>\n<meta name=\"description\" content=\"Rejoignez les sp\u00e9cialistes de l\u2019innovation \u00e0 l\u2019acc\u00e9l\u00e9rateurJJ\u2019E pour vous faire entendre et contribuer \u00e0 changer le paysage de la sant\u00e9 mentale au Canada.\" \/>\n<meta name=\"robots\" content=\"index, follow, max-snippet:-1, max-image-preview:large, max-video-preview:-1\" \/>\n<link rel=\"canonical\" href=\"https:\/\/acceleratorkhp.ca\/fr\/nous-contacter\/\" \/>\n<meta property=\"og:locale\" content=\"fr_CA\" \/>\n<meta property=\"og:type\" content=\"article\" \/>\n<meta property=\"og:title\" content=\"Nous contacter\" \/>\n<meta property=\"og:description\" content=\"Rejoignez les sp\u00e9cialistes de l\u2019innovation \u00e0 l\u2019acc\u00e9l\u00e9rateurJJ\u2019E pour vous faire entendre et contribuer \u00e0 changer le paysage de la sant\u00e9 mentale au Canada.\" \/>\n<meta property=\"og:url\" content=\"https:\/\/acceleratorkhp.ca\/fr\/nous-contacter\/\" \/>\n<meta property=\"og:site_name\" content=\"acc\u00e9l\u00e9rateurJJ\u2019E\" \/>\n<meta property=\"article:modified_time\" content=\"2025-10-15T12:48:25+00:00\" \/>\n<meta property=\"og:image\" content=\"https:\/\/en-khp-microsite.4dconnect.com\/wp-content\/uploads\/2024\/09\/about-hero-icon.png\" \/>\n<meta name=\"twitter:card\" content=\"summary_large_image\" \/>\n<meta name=\"twitter:label1\" content=\"Estimation du temps de lecture\" \/>\n\t<meta name=\"twitter:data1\" content=\"2 minutes\" \/>\n<script type=\"application\/ld+json\" class=\"yoast-schema-graph\">{\"@context\":\"https:\/\/schema.org\",\"@graph\":[{\"@type\":\"WebPage\",\"@id\":\"https:\/\/acceleratorkhp.ca\/fr\/nous-contacter\/\",\"url\":\"https:\/\/acceleratorkhp.ca\/fr\/nous-contacter\/\",\"name\":\"Changez les choses pour la sant\u00e9 mentale \u2013 acc\u00e9l\u00e9rateurJJ\u2019E\",\"isPartOf\":{\"@id\":\"https:\/\/acceleratorkhp.ca\/fr\/#website\"},\"primaryImageOfPage\":{\"@id\":\"https:\/\/acceleratorkhp.ca\/fr\/nous-contacter\/#primaryimage\"},\"image\":{\"@id\":\"https:\/\/acceleratorkhp.ca\/fr\/nous-contacter\/#primaryimage\"},\"thumbnailUrl\":\"https:\/\/en-khp-microsite.4dconnect.com\/wp-content\/uploads\/2024\/09\/about-hero-icon.png\",\"datePublished\":\"2024-10-28T08:30:20+00:00\",\"dateModified\":\"2025-10-15T12:48:25+00:00\",\"description\":\"Rejoignez les sp\u00e9cialistes de l\u2019innovation \u00e0 l\u2019acc\u00e9l\u00e9rateurJJ\u2019E pour vous faire entendre et contribuer \u00e0 changer le paysage de la sant\u00e9 mentale au Canada.\",\"breadcrumb\":{\"@id\":\"https:\/\/acceleratorkhp.ca\/fr\/nous-contacter\/#breadcrumb\"},\"inLanguage\":\"fr-CA\",\"potentialAction\":[{\"@type\":\"ReadAction\",\"target\":[\"https:\/\/acceleratorkhp.ca\/fr\/nous-contacter\/\"]}]},{\"@type\":\"ImageObject\",\"inLanguage\":\"fr-CA\",\"@id\":\"https:\/\/acceleratorkhp.ca\/fr\/nous-contacter\/#primaryimage\",\"url\":\"https:\/\/en-khp-microsite.4dconnect.com\/wp-content\/uploads\/2024\/09\/about-hero-icon.png\",\"contentUrl\":\"https:\/\/en-khp-microsite.4dconnect.com\/wp-content\/uploads\/2024\/09\/about-hero-icon.png\"},{\"@type\":\"BreadcrumbList\",\"@id\":\"https:\/\/acceleratorkhp.ca\/fr\/nous-contacter\/#breadcrumb\",\"itemListElement\":[{\"@type\":\"ListItem\",\"position\":1,\"name\":\"Home\",\"item\":\"https:\/\/acceleratorkhp.ca\/fr\/\"},{\"@type\":\"ListItem\",\"position\":2,\"name\":\"Nous contacter\"}]},{\"@type\":\"WebSite\",\"@id\":\"https:\/\/acceleratorkhp.ca\/fr\/#website\",\"url\":\"https:\/\/acceleratorkhp.ca\/fr\/\",\"name\":\"acc\u00e9l\u00e9rateurJJ\u2019E\",\"description\":\"\",\"publisher\":{\"@id\":\"https:\/\/acceleratorkhp.ca\/fr\/#organization\"},\"potentialAction\":[{\"@type\":\"SearchAction\",\"target\":{\"@type\":\"EntryPoint\",\"urlTemplate\":\"https:\/\/acceleratorkhp.ca\/fr\/?s={search_term_string}\"},\"query-input\":{\"@type\":\"PropertyValueSpecification\",\"valueRequired\":true,\"valueName\":\"search_term_string\"}}],\"inLanguage\":\"fr-CA\"},{\"@type\":\"Organization\",\"@id\":\"https:\/\/acceleratorkhp.ca\/fr\/#organization\",\"name\":\"acc\u00e9l\u00e9rateurJJ\u2019E\",\"url\":\"https:\/\/acceleratorkhp.ca\/fr\/\",\"logo\":{\"@type\":\"ImageObject\",\"inLanguage\":\"fr-CA\",\"@id\":\"https:\/\/acceleratorkhp.ca\/fr\/#\/schema\/logo\/image\/\",\"url\":\"https:\/\/acceleratorkhp.ca\/fr\/wp-content\/uploads\/sites\/2\/2024\/10\/accelerator-primary-fr-ruby-RGB-2.svg\",\"contentUrl\":\"https:\/\/acceleratorkhp.ca\/fr\/wp-content\/uploads\/sites\/2\/2024\/10\/accelerator-primary-fr-ruby-RGB-2.svg\",\"caption\":\"acc\u00e9l\u00e9rateurJJ\u2019E\"},\"image\":{\"@id\":\"https:\/\/acceleratorkhp.ca\/fr\/#\/schema\/logo\/image\/\"}}]}<\/script>\n<!-- \/ Yoast SEO Premium plugin. -->","yoast_head_json":{"title":"Changez les choses pour la sant\u00e9 mentale \u2013 acc\u00e9l\u00e9rateurJJ\u2019E","description":"Rejoignez les sp\u00e9cialistes de l\u2019innovation \u00e0 l\u2019acc\u00e9l\u00e9rateurJJ\u2019E pour vous faire entendre et contribuer \u00e0 changer le paysage de la sant\u00e9 mentale au Canada.","robots":{"index":"index","follow":"follow","max-snippet":"max-snippet:-1","max-image-preview":"max-image-preview:large","max-video-preview":"max-video-preview:-1"},"canonical":"https:\/\/acceleratorkhp.ca\/fr\/nous-contacter\/","og_locale":"fr_CA","og_type":"article","og_title":"Nous contacter","og_description":"Rejoignez les sp\u00e9cialistes de l\u2019innovation \u00e0 l\u2019acc\u00e9l\u00e9rateurJJ\u2019E pour vous faire entendre et contribuer \u00e0 changer le paysage de la sant\u00e9 mentale au Canada.","og_url":"https:\/\/acceleratorkhp.ca\/fr\/nous-contacter\/","og_site_name":"acc\u00e9l\u00e9rateurJJ\u2019E","article_modified_time":"2025-10-15T12:48:25+00:00","og_image":[{"url":"https:\/\/en-khp-microsite.4dconnect.com\/wp-content\/uploads\/2024\/09\/about-hero-icon.png","type":"","width":"","height":""}],"twitter_card":"summary_large_image","twitter_misc":{"Estimation du temps de lecture":"2 minutes"},"schema":{"@context":"https:\/\/schema.org","@graph":[{"@type":"WebPage","@id":"https:\/\/acceleratorkhp.ca\/fr\/nous-contacter\/","url":"https:\/\/acceleratorkhp.ca\/fr\/nous-contacter\/","name":"Changez les choses pour la sant\u00e9 mentale \u2013 acc\u00e9l\u00e9rateurJJ\u2019E","isPartOf":{"@id":"https:\/\/acceleratorkhp.ca\/fr\/#website"},"primaryImageOfPage":{"@id":"https:\/\/acceleratorkhp.ca\/fr\/nous-contacter\/#primaryimage"},"image":{"@id":"https:\/\/acceleratorkhp.ca\/fr\/nous-contacter\/#primaryimage"},"thumbnailUrl":"https:\/\/en-khp-microsite.4dconnect.com\/wp-content\/uploads\/2024\/09\/about-hero-icon.png","datePublished":"2024-10-28T08:30:20+00:00","dateModified":"2025-10-15T12:48:25+00:00","description":"Rejoignez les sp\u00e9cialistes de l\u2019innovation \u00e0 l\u2019acc\u00e9l\u00e9rateurJJ\u2019E pour vous faire entendre et contribuer \u00e0 changer le paysage de la sant\u00e9 mentale au Canada.","breadcrumb":{"@id":"https:\/\/acceleratorkhp.ca\/fr\/nous-contacter\/#breadcrumb"},"inLanguage":"fr-CA","potentialAction":[{"@type":"ReadAction","target":["https:\/\/acceleratorkhp.ca\/fr\/nous-contacter\/"]}]},{"@type":"ImageObject","inLanguage":"fr-CA","@id":"https:\/\/acceleratorkhp.ca\/fr\/nous-contacter\/#primaryimage","url":"https:\/\/en-khp-microsite.4dconnect.com\/wp-content\/uploads\/2024\/09\/about-hero-icon.png","contentUrl":"https:\/\/en-khp-microsite.4dconnect.com\/wp-content\/uploads\/2024\/09\/about-hero-icon.png"},{"@type":"BreadcrumbList","@id":"https:\/\/acceleratorkhp.ca\/fr\/nous-contacter\/#breadcrumb","itemListElement":[{"@type":"ListItem","position":1,"name":"Home","item":"https:\/\/acceleratorkhp.ca\/fr\/"},{"@type":"ListItem","position":2,"name":"Nous contacter"}]},{"@type":"WebSite","@id":"https:\/\/acceleratorkhp.ca\/fr\/#website","url":"https:\/\/acceleratorkhp.ca\/fr\/","name":"acc\u00e9l\u00e9rateurJJ\u2019E","description":"","publisher":{"@id":"https:\/\/acceleratorkhp.ca\/fr\/#organization"},"potentialAction":[{"@type":"SearchAction","target":{"@type":"EntryPoint","urlTemplate":"https:\/\/acceleratorkhp.ca\/fr\/?s={search_term_string}"},"query-input":{"@type":"PropertyValueSpecification","valueRequired":true,"valueName":"search_term_string"}}],"inLanguage":"fr-CA"},{"@type":"Organization","@id":"https:\/\/acceleratorkhp.ca\/fr\/#organization","name":"acc\u00e9l\u00e9rateurJJ\u2019E","url":"https:\/\/acceleratorkhp.ca\/fr\/","logo":{"@type":"ImageObject","inLanguage":"fr-CA","@id":"https:\/\/acceleratorkhp.ca\/fr\/#\/schema\/logo\/image\/","url":"https:\/\/acceleratorkhp.ca\/fr\/wp-content\/uploads\/sites\/2\/2024\/10\/accelerator-primary-fr-ruby-RGB-2.svg","contentUrl":"https:\/\/acceleratorkhp.ca\/fr\/wp-content\/uploads\/sites\/2\/2024\/10\/accelerator-primary-fr-ruby-RGB-2.svg","caption":"acc\u00e9l\u00e9rateurJJ\u2019E"},"image":{"@id":"https:\/\/acceleratorkhp.ca\/fr\/#\/schema\/logo\/image\/"}}]}},"acf":[],"_links":{"self":[{"href":"https:\/\/acceleratorkhp.ca\/fr\/wp-json\/wp\/v2\/pages\/58","targetHints":{"allow":["GET"]}}],"collection":[{"href":"https:\/\/acceleratorkhp.ca\/fr\/wp-json\/wp\/v2\/pages"}],"about":[{"href":"https:\/\/acceleratorkhp.ca\/fr\/wp-json\/wp\/v2\/types\/page"}],"author":[{"embeddable":true,"href":"https:\/\/acceleratorkhp.ca\/fr\/wp-json\/wp\/v2\/users\/1"}],"replies":[{"embeddable":true,"href":"https:\/\/acceleratorkhp.ca\/fr\/wp-json\/wp\/v2\/comments?post=58"}],"version-history":[{"count":0,"href":"https:\/\/acceleratorkhp.ca\/fr\/wp-json\/wp\/v2\/pages\/58\/revisions"}],"wp:attachment":[{"href":"https:\/\/acceleratorkhp.ca\/fr\/wp-json\/wp\/v2\/media?parent=58"}],"curies":[{"name":"wp","href":"https:\/\/api.w.org\/{rel}","templated":true}]}}